{"id":62260,"date":"2026-04-20T16:12:19","date_gmt":"2026-04-20T15:12:19","guid":{"rendered":"https:\/\/git.lukasiewicz.gov.pl\/?page_id=62260"},"modified":"2026-04-20T16:22:34","modified_gmt":"2026-04-20T15:22:34","slug":"archived-job-offers","status":"publish","type":"page","link":"https:\/\/git.lukasiewicz.gov.pl\/en\/career\/archived-job-offers\/","title":{"rendered":"Archived job offers"},"content":{"rendered":"\t\t<div data-elementor-type=\"wp-page\" data-elementor-id=\"62260\" class=\"elementor elementor-62260 elementor-62253\" data-elementor-post-type=\"page\">\n\t\t\t\t\t\t<section class=\"elementor-section elementor-top-section elementor-element elementor-element-79d6e28 elementor-section-boxed elementor-section-height-default elementor-section-height-default\" data-id=\"79d6e28\" data-element_type=\"section\" data-e-type=\"section\">\n\t\t\t\t\t\t<div class=\"elementor-container elementor-column-gap-default\">\n\t\t\t\t\t<div class=\"elementor-column elementor-col-100 elementor-top-column elementor-element elementor-element-8b3ad30\" data-id=\"8b3ad30\" data-element_type=\"column\" data-e-type=\"column\">\n\t\t\t<div class=\"elementor-widget-wrap\">\n\t\t\t\t\t\t\t<\/div>\n\t\t<\/div>\n\t\t\t\t\t<\/div>\n\t\t<\/section>\n\t\t\t\t<section class=\"elementor-section elementor-top-section elementor-element elementor-element-68ad005 elementor-section-boxed elementor-section-height-default elementor-section-height-default\" data-id=\"68ad005\" data-element_type=\"section\" data-e-type=\"section\">\n\t\t\t\t\t\t<div class=\"elementor-container elementor-column-gap-default\">\n\t\t\t\t\t<div class=\"elementor-column elementor-col-100 elementor-top-column elementor-element elementor-element-8072fa7\" data-id=\"8072fa7\" data-element_type=\"column\" data-e-type=\"column\">\n\t\t\t<div class=\"elementor-widget-wrap elementor-element-populated\">\n\t\t\t\t\t\t<div class=\"elementor-element elementor-element-6e694b5 elementor-widget elementor-widget-heading\" data-id=\"6e694b5\" data-element_type=\"widget\" data-e-type=\"widget\" data-widget_type=\"heading.default\">\n\t\t\t\t<div class=\"elementor-widget-container\">\n\t\t\t\t\t<h2 class=\"elementor-heading-title elementor-size-default\">Archived job offers<\/h2>\t\t\t\t<\/div>\n\t\t\t\t<\/div>\n\t\t\t\t<div class=\"elementor-element elementor-element-e252d85 elementor-widget elementor-widget-lukasiewicz-job-offers-plugin\" data-id=\"e252d85\" data-element_type=\"widget\" data-e-type=\"widget\" data-widget_type=\"lukasiewicz-job-offers-plugin.default\">\n\t\t\t\t<div class=\"elementor-widget-container\">\n\t\t\t\t\t<div class=\"fjo-elementor-widget\">\n<div class=\"fjo-network-jobs-wrapper\" data-source=\"site\" data-post-status=\"archive\" data-per-page=\"20\" data-filter-cut=\"true\" data-details-cut=\"true\" data-apply-cut=\"true\">\n            <div class=\"fjo-filters-panel\">\n            <div class=\"fjo-filters-header\">\n                <h3 class=\"fjo-filters-title\">Filters<\/h3>\n            <\/div>\n\n            <form id=\"fjo-network-filters-form\" class=\"fjo-filters-form\">\n                <!-- Obszary -->\n                <div class=\"fjo-filter-section\">\n                    <div class=\"fjo-filter-section-header\">\n                        <h4 class=\"fjo-filter-section-title\">AREAS<\/h4>\n                        <span class=\"fjo-filter-toggle-icon\">\n                            <svg xmlns=\"http:\/\/www.w3.org\/2000\/svg\" fill=\"none\" viewBox=\"0 0 24 24\" stroke-width=\"1.5\" stroke=\"currentColor\" class=\"size-6\">\n                                <path stroke-linecap=\"round\" stroke-linejoin=\"round\" d=\"m19.5 8.25-7.5 7.5-7.5-7.5\" \/>\n                            <\/svg>\n                        <\/span>\n                    <\/div>\n                    <div class=\"fjo-filter-section-content\">\n                                            <\/div>\n                <\/div>\n\n                <!-- Miasta -->\n                <div class=\"fjo-filter-section\">\n                    <div class=\"fjo-filter-section-header\">\n                        <h4 class=\"fjo-filter-section-title\">CITIES<\/h4>\n                        <span class=\"fjo-filter-toggle-icon\">\n                            <svg xmlns=\"http:\/\/www.w3.org\/2000\/svg\" fill=\"none\" viewBox=\"0 0 24 24\" stroke-width=\"1.5\" stroke=\"currentColor\" class=\"size-6\">\n                                <path stroke-linecap=\"round\" stroke-linejoin=\"round\" d=\"m19.5 8.25-7.5 7.5-7.5-7.5\" \/>\n                            <\/svg>\n                        <\/span>\n                    <\/div>\n                    <div class=\"fjo-filter-section-content\">\n                                            <\/div>\n                <\/div>\n\n                <!-- Poziomy do\u015bwiadczenia -->\n                <div class=\"fjo-filter-section\">\n                    <div class=\"fjo-filter-section-header\">\n                        <h4 class=\"fjo-filter-section-title\">EXPERIENCE LEVEL<\/h4>\n                        <span class=\"fjo-filter-toggle-icon\">\n                            <svg xmlns=\"http:\/\/www.w3.org\/2000\/svg\" fill=\"none\" viewBox=\"0 0 24 24\" stroke-width=\"1.5\" stroke=\"currentColor\" class=\"size-6\">\n                                <path stroke-linecap=\"round\" stroke-linejoin=\"round\" d=\"m19.5 8.25-7.5 7.5-7.5-7.5\" \/>\n                            <\/svg>\n                        <\/span>\n                    <\/div>\n                    <div class=\"fjo-filter-section-content\">\n                                            <\/div>\n                <\/div>\n\n                <!-- Instytuty -->\n                <div class=\"fjo-filter-section\">\n                    <div class=\"fjo-filter-section-header\">\n                        <h4 class=\"fjo-filter-section-title\">INSTITUTES<\/h4>\n                        <span class=\"fjo-filter-toggle-icon\">\n                            <svg xmlns=\"http:\/\/www.w3.org\/2000\/svg\" fill=\"none\" viewBox=\"0 0 24 24\" stroke-width=\"1.5\" stroke=\"currentColor\" class=\"size-6\">\n                                <path stroke-linecap=\"round\" stroke-linejoin=\"round\" d=\"m19.5 8.25-7.5 7.5-7.5-7.5\" \/>\n                            <\/svg>\n                        <\/span>\n                    <\/div>\n                    <div class=\"fjo-filter-section-content\">\n                        <label class=\"filter-checkbox-label fjo-filter-checkbox-label\">\n                    <input type=\"checkbox\" name=\"institute[]\" value=\"\u0141ukasiewicz \u2013 G\u00f3rno\u015bl\u0105ski Instytut Technologiczny\" class=\"filter-checkbox\">\n                    <span class=\"checkbox-text\">\u0141ukasiewicz \u2013 G\u00f3rno\u015bl\u0105ski Instytut Technologiczny<\/span>\n                <\/label>                    <\/div>\n                <\/div>\n\n                <button type=\"submit\" class=\"fjo-filter-submit-btn                                                                   clipped-corner\">\n                    Filter                <\/button>\n            <\/form>\n        <\/div>\n    \n    <div class=\"fjo-jobs-panel\">\n        <div id=\"fjo-network-jobs-results\">\n            <div class=\"fjo-jobs-grid\"><div class=\"fjo-no-results\"><p>No job offers found.<\/p><\/div><\/div>        <\/div>\n\n        <!-- Bottom of the list -->\n                    <div class=\"fjo-bottom-message\">\n                                    <p class=\"fjo-bottom-message-title\">Your dream position isn&#039;t on the list?<\/p>\n                                                    <p class=\"fjo-bottom-message-content\">Send us your CV and we will get back to you with an answer<\/p>\n                            <\/div>\n        \n                    <div class=\"fjo-bottom-cta\">\n                <a href=\"https:\/\/git.lukasiewicz.gov.pl\/en\/contact\/\" class=\"clipped-corner\">\n                                                                                                                                    <span class=\"fjo-bottom-cta-icon left\" style=\"margin-right:8px;\">\n                                                                    <\/span>\n                                                                                            <span class=\"fjo-bottom-cta-text\">Send us your CV<\/span>\n                                    <\/a>\n            <\/div>\n        \n    <\/div>\n<\/div>\n\n<!-- JavaScript jest \u0142adowany z zewn\u0119trznego pliku network-jobs.js -->\n<script>\n    \/\/ Upewnij si\u0119, \u017ce AJAX u\u017cywa w\u0142a\u015bciwego post_status z szablonu\n    window.foretoAjax = window.foretoAjax || {};\n    foretoAjax.post_status = 'archive';\n<\/script><\/div>\t\t\t\t<\/div>\n\t\t\t\t<\/div>\n\t\t\t\t\t<\/div>\n\t\t<\/div>\n\t\t\t\t\t<\/div>\n\t\t<\/section>\n\t\t\t\t<\/div>\n\t\t","protected":false},"excerpt":{"rendered":"<p>Archived job offers Filtry OBSZARY administracja B+R obs\u0142uga Praca dla studenta produkcja MIASTA Gliwice Katowice Sosnowiec Ustro\u0144 POZIOM DO\u015aWIADCZENIA manager (C-level) m\u0142odszy specjalista (junior) specjalista (regular) starszy specjalista (senior) INSTYTUTY [&hellip;]<\/p>\n","protected":false},"author":281,"featured_media":0,"parent":45222,"menu_order":0,"comment_status":"closed","ping_status":"closed","template":"","meta":{"_acf_changed":false,"_seopress_robots_primary_cat":"","_seopress_titles_title":"","_seopress_titles_desc":"","_seopress_robots_index":"","inline_featured_image":false,"_price":"","_stock":"","_tribe_ticket_header":"","_tribe_default_ticket_provider":"","_ticket_start_date":"","_ticket_end_date":"","_tribe_ticket_show_description":"","_tribe_ticket_show_not_going":false,"_tribe_ticket_use_global_stock":"","_tribe_ticket_global_stock_level":"","_global_stock_mode":"","_global_stock_cap":"","_tribe_rsvp_for_event":"","_tribe_ticket_going_count":"","_tribe_ticket_not_going_count":"","_tribe_tickets_list":"[]","_tribe_ticket_has_attendee_info_fields":false,"footnotes":""},"class_list":["post-62260","page","type-page","status-publish","hentry"],"acf":{"page_icon":false},"publishpress_future_action":{"enabled":false,"date":"2026-04-29 15:49:39","action":"change-status","newStatus":"draft","terms":[],"taxonomy":"translation_priority","extraData":[]},"publishpress_future_workflow_manual_trigger":{"enabledWorkflows":[]},"_links":{"self":[{"href":"https:\/\/git.lukasiewicz.gov.pl\/en\/wp-json\/wp\/v2\/pages\/62260","targetHints":{"allow":["GET"]}}],"collection":[{"href":"https:\/\/git.lukasiewicz.gov.pl\/en\/wp-json\/wp\/v2\/pages"}],"about":[{"href":"https:\/\/git.lukasiewicz.gov.pl\/en\/wp-json\/wp\/v2\/types\/page"}],"author":[{"embeddable":true,"href":"https:\/\/git.lukasiewicz.gov.pl\/en\/wp-json\/wp\/v2\/users\/281"}],"replies":[{"embeddable":true,"href":"https:\/\/git.lukasiewicz.gov.pl\/en\/wp-json\/wp\/v2\/comments?post=62260"}],"version-history":[{"count":4,"href":"https:\/\/git.lukasiewicz.gov.pl\/en\/wp-json\/wp\/v2\/pages\/62260\/revisions"}],"predecessor-version":[{"id":62266,"href":"https:\/\/git.lukasiewicz.gov.pl\/en\/wp-json\/wp\/v2\/pages\/62260\/revisions\/62266"}],"up":[{"embeddable":true,"href":"https:\/\/git.lukasiewicz.gov.pl\/en\/wp-json\/wp\/v2\/pages\/45222"}],"wp:attachment":[{"href":"https:\/\/git.lukasiewicz.gov.pl\/en\/wp-json\/wp\/v2\/media?parent=62260"}],"curies":[{"name":"wp","href":"https:\/\/api.w.org\/{rel}","templated":true}]}}