{"id":61344,"date":"2026-03-19T08:32:14","date_gmt":"2026-03-19T07:32:14","guid":{"rendered":"https:\/\/git.lukasiewicz.gov.pl\/?page_id=61344"},"modified":"2026-03-19T08:59:45","modified_gmt":"2026-03-19T07:59:45","slug":"international-project-greensteel4rails","status":"publish","type":"page","link":"https:\/\/git.lukasiewicz.gov.pl\/en\/international-projects\/international-project-greensteel4rails\/","title":{"rendered":"International project: GreenSteel4Rails"},"content":{"rendered":"\t\t<div data-elementor-type=\"wp-page\" data-elementor-id=\"61344\" class=\"elementor elementor-61344 elementor-61343\" data-elementor-post-type=\"page\">\n\t\t\t\t\t\t<section class=\"elementor-section elementor-top-section elementor-element elementor-element-90dce50 elementor-section-boxed elementor-section-height-default elementor-section-height-default\" data-id=\"90dce50\" data-element_type=\"section\" data-e-type=\"section\">\n\t\t\t\t\t\t<div class=\"elementor-container elementor-column-gap-default\">\n\t\t\t\t\t<div class=\"elementor-column elementor-col-100 elementor-top-column elementor-element elementor-element-5ca202d\" data-id=\"5ca202d\" data-element_type=\"column\" data-e-type=\"column\">\n\t\t\t<div class=\"elementor-widget-wrap elementor-element-populated\">\n\t\t\t\t\t\t<div class=\"elementor-element elementor-element-e1eaee5 elementor-widget elementor-widget-heading\" data-id=\"e1eaee5\" data-element_type=\"widget\" data-e-type=\"widget\" data-widget_type=\"heading.default\">\n\t\t\t\t<div class=\"elementor-widget-container\">\n\t\t\t\t\t<h2 class=\"elementor-heading-title elementor-size-large\">International Projects<\/h2>\t\t\t\t<\/div>\n\t\t\t\t<\/div>\n\t\t\t\t\t<\/div>\n\t\t<\/div>\n\t\t\t\t\t<\/div>\n\t\t<\/section>\n\t\t\t\t<section class=\"elementor-section elementor-top-section elementor-element elementor-element-9b2f557 elementor-section-boxed elementor-section-height-default elementor-section-height-default\" data-id=\"9b2f557\" data-element_type=\"section\" data-e-type=\"section\">\n\t\t\t\t\t\t<div class=\"elementor-container elementor-column-gap-default\">\n\t\t\t\t\t<div class=\"elementor-column elementor-col-100 elementor-top-column elementor-element elementor-element-98ea838\" data-id=\"98ea838\" data-element_type=\"column\" data-e-type=\"column\">\n\t\t\t<div class=\"elementor-widget-wrap elementor-element-populated\">\n\t\t\t\t\t\t<div class=\"elementor-element elementor-element-2a18da5 elementor-widget elementor-widget-heading\" data-id=\"2a18da5\" data-element_type=\"widget\" data-e-type=\"widget\" data-widget_type=\"heading.default\">\n\t\t\t\t<div class=\"elementor-widget-container\">\n\t\t\t\t\t<h4 class=\"elementor-heading-title elementor-size-default\">Green manufacturing for high-performance steels intended for railway infrastructure<\/h4>\t\t\t\t<\/div>\n\t\t\t\t<\/div>\n\t\t\t\t<section class=\"elementor-section elementor-inner-section elementor-element elementor-element-dca516d elementor-section-boxed elementor-section-height-default elementor-section-height-default\" data-id=\"dca516d\" data-element_type=\"section\" data-e-type=\"section\" data-settings=\"{&quot;background_background&quot;:&quot;classic&quot;}\">\n\t\t\t\t\t\t<div class=\"elementor-container elementor-column-gap-default\">\n\t\t\t\t\t<div class=\"elementor-column elementor-col-100 elementor-inner-column elementor-element elementor-element-3f46f79\" data-id=\"3f46f79\" data-element_type=\"column\" data-e-type=\"column\">\n\t\t\t<div class=\"elementor-widget-wrap elementor-element-populated\">\n\t\t\t\t\t\t<div class=\"elementor-element elementor-element-e9fa741 elementor-widget elementor-widget-image\" data-id=\"e9fa741\" data-element_type=\"widget\" data-e-type=\"widget\" data-widget_type=\"image.default\">\n\t\t\t\t<div class=\"elementor-widget-container\">\n\t\t\t\t\t\t\t\t\t\t\t\t\t\t\t<img decoding=\"async\" width=\"294\" height=\"140\" src=\"https:\/\/git.lukasiewicz.gov.pl\/wp-content\/uploads\/sites\/16\/2023\/11\/co-funded_by_EU.jpg\" class=\"attachment-full size-full wp-image-38022\" alt=\"co-funded by EU\" \/>\t\t\t\t\t\t\t\t\t\t\t\t\t\t\t<\/div>\n\t\t\t\t<\/div>\n\t\t\t\t<div class=\"elementor-element elementor-element-f7ddfa4 elementor-widget__width-initial elementor-widget elementor-widget-text-editor\" data-id=\"f7ddfa4\" data-element_type=\"widget\" data-e-type=\"widget\" data-widget_type=\"text-editor.default\">\n\t\t\t\t<div class=\"elementor-widget-container\">\n\t\t\t\t\t\t\t\t\t<p><strong>Title:<\/strong> Green manufacturing for high-performance steels intended for railway infrastructure<\/p><p><strong>Acronym:<\/strong> GreenSteel4Rails<\/p><p><strong>Duration:<\/strong> 01 February 2026 \u2013 31 July 2030<\/p><p><strong>Co-financing for \u0141ukasiewicz \u2013 GIT:<\/strong> European Commission: EUR 392\u00a0798.75<\/p><p><strong>Total project budget:<\/strong> EUR 5\u00a0635\u00a0115.90<\/p><p><strong>Executive Agency:<\/strong> European Commission &#8211; European Research Executive Agency (REA)<\/p><p><strong>Programme Name:<\/strong> Research Fund for Coal and Steel<\/p><p><strong>Contract signed:<\/strong>\u00a019 December 2025<\/p><p><strong>Consortium:<\/strong><\/p><ul><li>POLITECHNIKA WROC\u0141AWSKA, Poland (Coordinator)<\/li><li>ARCELORMITTAL INNOVACION INVESTIGACION E INVERSION SL, Spain<\/li><li>VIAS Y CONSTRUCCIONES SA, Spain<\/li><li>AGENCIA ESTATAL CONSEJO SUPERIOR DE INVESTIGACIONES CIENTIFICAS, Spain<\/li><li>CENTRE DE RECHERCHES METALLURGIQUES ASBL, Belgium<\/li><li>SIE\u0106 BADAWCZA \u0141UKASIEWICZ &#8211; G\u00d3RNO\u015aL\u0104SKI INSTYTUT TECHNOLOGICZNY, Poland<\/li><li>TECNOCLAD LASER SOLUTIONS SOCIEDAD LIMITADA, Spain<\/li><li>INSTITUTO DE SOLDADURA E QUALIDADE, Portugal<\/li><li>ELEKTRO THERMIT GMBH &amp; CO. KG, Germany<\/li><li>FORSCHUNGSZENTRUM JULICH GMBH, Germany<\/li><li>ARCELORMITTAL ESPANA SA, Spain.<\/li><\/ul><p><strong>Project Manager:<\/strong><br \/>dr in\u017c.\u00a0\u0141ukasz Poloczek<br \/>Tel.: 32 2345 146<br \/>E-mail: <a href=\"mailto:lukasz.poloczek@git.lukasiewicz.gov.pl\"><span style=\"text-decoration: underline\">lukasz.poloczek@git.lukasiewicz.gov.pl<\/span><\/a><\/p><p><strong>Objective:<\/strong><\/p><p><strong>The GreenSteel4Rails project is focused on developing and validating, under industrial conditions, a production technology for new-generation, low-carbon, high-strength rail steel<\/strong>, which will be developed in accordance with the principles of the circular economy and sustainable metallurgy. The project addresses strategic challenges of European Union policy, including the pursuit of climate neutrality, reducing emissions in the steel sector, and modernizing transportation systems with rail playing a dominant role as a mode of transport with minimal environmental impact. <strong>The project is based on the introduction of innovative material design concepts for rail infrastructure<\/strong>, by combining modern metallurgical technologies, advanced materials engineering strategies, and technology demonstrations under industrial conditions, which form the basis for their future implementation.<\/p>\t\t\t\t\t\t\t\t<\/div>\n\t\t\t\t<\/div>\n\t\t\t\t<div class=\"elementor-element elementor-element-3a12fb3 elementor-widget-divider--view-line elementor-widget elementor-widget-divider\" data-id=\"3a12fb3\" data-element_type=\"widget\" data-e-type=\"widget\" data-widget_type=\"divider.default\">\n\t\t\t\t<div class=\"elementor-widget-container\">\n\t\t\t\t\t\t\t<div class=\"elementor-divider\">\n\t\t\t<span class=\"elementor-divider-separator\">\n\t\t\t\t\t\t<\/span>\n\t\t<\/div>\n\t\t\t\t\t\t<\/div>\n\t\t\t\t<\/div>\n\t\t\t\t<div class=\"elementor-element elementor-element-ce88a72 elementor-widget elementor-widget-text-editor\" data-id=\"ce88a72\" data-element_type=\"widget\" data-e-type=\"widget\" data-widget_type=\"text-editor.default\">\n\t\t\t\t<div class=\"elementor-widget-container\">\n\t\t\t\t\t\t\t\t\t<p>Funded by the European Union. Views and opinions expressed are however those of the author(s) only and do not necessarily reflect those of the European Union or European Research Executive Agency (REA). Neither the European Union nor the granting authority can be held responsible for them.<\/p>\t\t\t\t\t\t\t\t<\/div>\n\t\t\t\t<\/div>\n\t\t\t\t\t<\/div>\n\t\t<\/div>\n\t\t\t\t\t<\/div>\n\t\t<\/section>\n\t\t\t\t\t<\/div>\n\t\t<\/div>\n\t\t\t\t\t<\/div>\n\t\t<\/section>\n\t\t\t\t<\/div>\n\t\t","protected":false},"excerpt":{"rendered":"<p>International Projects Green manufacturing for high-performance steels intended for railway infrastructure Title: Green manufacturing for high-performance steels intended for railway infrastructure Acronym: GreenSteel4Rails Duration: 01 February 2026 \u2013 31 July [&hellip;]<\/p>\n","protected":false},"author":66,"featured_media":0,"parent":53948,"menu_order":0,"comment_status":"closed","ping_status":"closed","template":"","meta":{"_acf_changed":false,"_seopress_robots_primary_cat":"","_seopress_titles_title":"Green manufacturing for high-performance steels intended for railway infrastructure (GreenSteel4Rails)","_seopress_titles_desc":"The GreenSteel4Rails project is focused on developing and validating, under industrial conditions, a production technology for new-generation, low-carbon, high-strength rail steel.","_seopress_robots_index":"","inline_featured_image":false,"_price":"","_stock":"","_tribe_ticket_header":"","_tribe_default_ticket_provider":"","_ticket_start_date":"","_ticket_end_date":"","_tribe_ticket_show_description":"","_tribe_ticket_show_not_going":false,"_tribe_ticket_use_global_stock":"","_tribe_ticket_global_stock_level":"","_global_stock_mode":"","_global_stock_cap":"","_tribe_rsvp_for_event":"","_tribe_ticket_going_count":"","_tribe_ticket_not_going_count":"","_tribe_tickets_list":"[]","_tribe_ticket_has_attendee_info_fields":false,"footnotes":""},"class_list":["post-61344","page","type-page","status-publish","hentry"],"acf":{"page_icon":false},"publishpress_future_action":{"enabled":false,"date":"2026-04-30 00:26:25","action":"change-status","newStatus":"draft","terms":[],"taxonomy":"translation_priority","extraData":[]},"publishpress_future_workflow_manual_trigger":{"enabledWorkflows":[]},"_links":{"self":[{"href":"https:\/\/git.lukasiewicz.gov.pl\/en\/wp-json\/wp\/v2\/pages\/61344","targetHints":{"allow":["GET"]}}],"collection":[{"href":"https:\/\/git.lukasiewicz.gov.pl\/en\/wp-json\/wp\/v2\/pages"}],"about":[{"href":"https:\/\/git.lukasiewicz.gov.pl\/en\/wp-json\/wp\/v2\/types\/page"}],"author":[{"embeddable":true,"href":"https:\/\/git.lukasiewicz.gov.pl\/en\/wp-json\/wp\/v2\/users\/66"}],"replies":[{"embeddable":true,"href":"https:\/\/git.lukasiewicz.gov.pl\/en\/wp-json\/wp\/v2\/comments?post=61344"}],"version-history":[{"count":5,"href":"https:\/\/git.lukasiewicz.gov.pl\/en\/wp-json\/wp\/v2\/pages\/61344\/revisions"}],"predecessor-version":[{"id":61362,"href":"https:\/\/git.lukasiewicz.gov.pl\/en\/wp-json\/wp\/v2\/pages\/61344\/revisions\/61362"}],"up":[{"embeddable":true,"href":"https:\/\/git.lukasiewicz.gov.pl\/en\/wp-json\/wp\/v2\/pages\/53948"}],"wp:attachment":[{"href":"https:\/\/git.lukasiewicz.gov.pl\/en\/wp-json\/wp\/v2\/media?parent=61344"}],"curies":[{"name":"wp","href":"https:\/\/api.w.org\/{rel}","templated":true}]}}