{"id":59167,"date":"2026-01-07T08:02:40","date_gmt":"2026-01-07T07:02:40","guid":{"rendered":"https:\/\/git.lukasiewicz.gov.pl\/national-project-development-of-an-innovative-cast-steel-for-hydrogen-service\/"},"modified":"2026-01-16T12:47:55","modified_gmt":"2026-01-16T11:47:55","slug":"national-project-development-of-an-innovative-cast-steel-for-hydrogen-service","status":"publish","type":"page","link":"https:\/\/git.lukasiewicz.gov.pl\/en\/national-project-development-of-an-innovative-cast-steel-for-hydrogen-service\/","title":{"rendered":"National Project: Development of an innovative cast steel for hydrogen service"},"content":{"rendered":"\t\t<div data-elementor-type=\"wp-page\" data-elementor-id=\"59167\" class=\"elementor elementor-59167 elementor-59033\" data-elementor-post-type=\"page\">\n\t\t\t\t\t\t<section class=\"elementor-section elementor-top-section elementor-element elementor-element-9abe5b5 elementor-section-boxed elementor-section-height-default elementor-section-height-default\" data-id=\"9abe5b5\" data-element_type=\"section\" data-e-type=\"section\">\n\t\t\t\t\t\t<div class=\"elementor-container elementor-column-gap-default\">\n\t\t\t\t\t<div class=\"elementor-column elementor-col-100 elementor-top-column elementor-element elementor-element-333d3a9\" data-id=\"333d3a9\" data-element_type=\"column\" data-e-type=\"column\">\n\t\t\t<div class=\"elementor-widget-wrap elementor-element-populated\">\n\t\t\t\t\t\t<div class=\"elementor-element elementor-element-72105d3 elementor-widget elementor-widget-heading\" data-id=\"72105d3\" data-element_type=\"widget\" data-e-type=\"widget\" data-widget_type=\"heading.default\">\n\t\t\t\t<div class=\"elementor-widget-container\">\n\t\t\t\t\t<h2 class=\"elementor-heading-title elementor-size-large\">National Projects<\/h2>\t\t\t\t<\/div>\n\t\t\t\t<\/div>\n\t\t\t\t\t<\/div>\n\t\t<\/div>\n\t\t\t\t\t<\/div>\n\t\t<\/section>\n\t\t\t\t<section class=\"elementor-section elementor-top-section elementor-element elementor-element-06d85e9 elementor-section-boxed elementor-section-height-default elementor-section-height-default\" data-id=\"06d85e9\" data-element_type=\"section\" data-e-type=\"section\">\n\t\t\t\t\t\t<div class=\"elementor-container elementor-column-gap-default\">\n\t\t\t\t\t<div class=\"elementor-column elementor-col-100 elementor-top-column elementor-element elementor-element-d42d825\" data-id=\"d42d825\" data-element_type=\"column\" data-e-type=\"column\">\n\t\t\t<div class=\"elementor-widget-wrap elementor-element-populated\">\n\t\t\t\t\t\t<div class=\"elementor-element elementor-element-a8d9a30 elementor-widget elementor-widget-heading\" data-id=\"a8d9a30\" data-element_type=\"widget\" data-e-type=\"widget\" data-widget_type=\"heading.default\">\n\t\t\t\t<div class=\"elementor-widget-container\">\n\t\t\t\t\t<h4 class=\"elementor-heading-title elementor-size-default\">Development of an innovative cast steel for hydrogen service<\/h4>\t\t\t\t<\/div>\n\t\t\t\t<\/div>\n\t\t\t\t\t<\/div>\n\t\t<\/div>\n\t\t\t\t\t<\/div>\n\t\t<\/section>\n\t\t\t\t<section class=\"elementor-section elementor-top-section elementor-element elementor-element-aabe5d5 elementor-section-boxed elementor-section-height-default elementor-section-height-default\" data-id=\"aabe5d5\" data-element_type=\"section\" data-e-type=\"section\">\n\t\t\t\t\t\t<div class=\"elementor-container elementor-column-gap-default\">\n\t\t\t\t\t<div class=\"elementor-column elementor-col-100 elementor-top-column elementor-element elementor-element-9c7bb9f\" data-id=\"9c7bb9f\" data-element_type=\"column\" data-e-type=\"column\">\n\t\t\t<div class=\"elementor-widget-wrap elementor-element-populated\">\n\t\t\t\t\t\t<section class=\"elementor-section elementor-inner-section elementor-element elementor-element-544934d elementor-section-boxed elementor-section-height-default elementor-section-height-default\" data-id=\"544934d\" data-element_type=\"section\" data-e-type=\"section\" data-settings=\"{&quot;background_background&quot;:&quot;classic&quot;}\">\n\t\t\t\t\t\t<div class=\"elementor-container elementor-column-gap-default\">\n\t\t\t\t\t<div class=\"elementor-column elementor-col-100 elementor-inner-column elementor-element elementor-element-9dcb492\" data-id=\"9dcb492\" data-element_type=\"column\" data-e-type=\"column\">\n\t\t\t<div class=\"elementor-widget-wrap elementor-element-populated\">\n\t\t\t\t\t\t<div class=\"elementor-element elementor-element-02fc719 elementor-widget elementor-widget-image\" data-id=\"02fc719\" data-element_type=\"widget\" data-e-type=\"widget\" data-widget_type=\"image.default\">\n\t\t\t\t<div class=\"elementor-widget-container\">\n\t\t\t\t\t\t\t\t\t\t\t\t\t\t\t<img fetchpriority=\"high\" decoding=\"async\" width=\"1182\" height=\"107\" src=\"https:\/\/git.lukasiewicz.gov.pl\/wp-content\/uploads\/sites\/16\/2026\/01\/loga-FE_Nowoczesna_Gospodarka_NCBR.webp\" class=\"attachment-full size-full wp-image-59383\" alt=\"Fundusze Europejskie dla Nowoczesnej Gospodarki\" srcset=\"https:\/\/git.lukasiewicz.gov.pl\/wp-content\/uploads\/sites\/16\/2026\/01\/loga-FE_Nowoczesna_Gospodarka_NCBR.webp 1182w, https:\/\/git.lukasiewicz.gov.pl\/wp-content\/uploads\/sites\/16\/2026\/01\/loga-FE_Nowoczesna_Gospodarka_NCBR-300x27.webp 300w, https:\/\/git.lukasiewicz.gov.pl\/wp-content\/uploads\/sites\/16\/2026\/01\/loga-FE_Nowoczesna_Gospodarka_NCBR-1024x93.webp 1024w, https:\/\/git.lukasiewicz.gov.pl\/wp-content\/uploads\/sites\/16\/2026\/01\/loga-FE_Nowoczesna_Gospodarka_NCBR-768x70.webp 768w, https:\/\/git.lukasiewicz.gov.pl\/wp-content\/uploads\/sites\/16\/2026\/01\/loga-FE_Nowoczesna_Gospodarka_NCBR-24x2.webp 24w, https:\/\/git.lukasiewicz.gov.pl\/wp-content\/uploads\/sites\/16\/2026\/01\/loga-FE_Nowoczesna_Gospodarka_NCBR-36x3.webp 36w, https:\/\/git.lukasiewicz.gov.pl\/wp-content\/uploads\/sites\/16\/2026\/01\/loga-FE_Nowoczesna_Gospodarka_NCBR-48x4.webp 48w\" sizes=\"(max-width: 1182px) 100vw, 1182px\" \/>\t\t\t\t\t\t\t\t\t\t\t\t\t\t\t<\/div>\n\t\t\t\t<\/div>\n\t\t\t\t<div class=\"elementor-element elementor-element-cdc29ca elementor-widget elementor-widget-text-editor\" data-id=\"cdc29ca\" data-element_type=\"widget\" data-e-type=\"widget\" data-widget_type=\"text-editor.default\">\n\t\t\t\t<div class=\"elementor-widget-container\">\n\t\t\t\t\t\t\t\t\t<p><strong>Title: Development of an innovative cast steel for hydrogen service<\/strong><\/p><p><strong>Project implemented by a consortium consisting of:<\/strong><\/p><p>Leader \u2013 PGO S.A.<\/p><p>Consortium member \u2013 Sie\u0107 Badawcza \u0141ukasiewicz \u2013 G\u00f3rno\u015bl\u0105ski Instytut Technologiczny<\/p><p><strong>Name of the programme:<\/strong> European Funds for a Modern Economy<\/p><p><strong>Total value of the project:<\/strong> PLN 15 359 886.71<\/p><p><strong>Total funding from the European Funds:<\/strong> PLN 8 669 058.18<\/p><p><strong>Value of the project for \u0141ukasiewicz \u2013 GIT:<\/strong> PLN 3 547 261.03<\/p><p><strong>Funding from the European Funds for \u0141ukasiewicz \u2013 GIT:<\/strong> PLN 3 453 171.25<\/p><p><strong>Timeframe of the project: <\/strong>01.01.2026 \u2013 31.12.2028<\/p><p><strong>Objective:<\/strong><\/p><p>Project objective: The objective of the project under the R&amp;D Module is to develop and test an innovative product in the form of cast steel for hydrogen service, manufactured based on a dedicated integrated cast steel production process.<\/p><p><strong>Project Activities and Outcomes: <\/strong><\/p><p>Within the R&amp;D Module, research will be conducted to develop material and process solutions ensuring enhanced resistance of cast steel to hydrogen embrittlement. This will result in increased service life under elevated pressures and stability of mechanical properties over a wide temperature range in equipment designed for hydrogen applications.<\/p><p><strong>Target groups \/ Applications:<\/strong><\/p><p>Products manufactured using the new technology will find applications in the following sectors:<\/p><ul><li>gas sector,<\/li><li>energy sector.<\/li><\/ul>\t\t\t\t\t\t\t\t<\/div>\n\t\t\t\t<\/div>\n\t\t\t\t\t<\/div>\n\t\t<\/div>\n\t\t\t\t\t<\/div>\n\t\t<\/section>\n\t\t\t\t\t<\/div>\n\t\t<\/div>\n\t\t\t\t\t<\/div>\n\t\t<\/section>\n\t\t\t\t<\/div>\n\t\t","protected":false},"excerpt":{"rendered":"<p>National Projects Development of an innovative cast steel for hydrogen service Title: Development of an innovative cast steel for hydrogen service Project implemented by a consortium consisting of: Leader \u2013 [&hellip;]<\/p>\n","protected":false},"author":66,"featured_media":0,"parent":0,"menu_order":0,"comment_status":"closed","ping_status":"closed","template":"","meta":{"_acf_changed":false,"_seopress_robots_primary_cat":"","_seopress_titles_title":"National Project: Development of an innovative cast steel for hydrogen service","_seopress_titles_desc":"Development and testing of an innovative product in the form of hydrogen-compatible cast steel, manufactured using a dedicated integrated cast steel production process.","_seopress_robots_index":"","inline_featured_image":false,"_price":"","_stock":"","_tribe_ticket_header":"","_tribe_default_ticket_provider":"","_ticket_start_date":"","_ticket_end_date":"","_tribe_ticket_show_description":"","_tribe_ticket_show_not_going":false,"_tribe_ticket_use_global_stock":"","_tribe_ticket_global_stock_level":"","_global_stock_mode":"","_global_stock_cap":"","_tribe_rsvp_for_event":"","_tribe_ticket_going_count":"","_tribe_ticket_not_going_count":"","_tribe_tickets_list":"[]","_tribe_ticket_has_attendee_info_fields":false,"footnotes":""},"class_list":["post-59167","page","type-page","status-publish","hentry"],"acf":{"page_icon":""},"publishpress_future_action":{"enabled":false,"date":"2026-04-25 10:53:20","action":"change-status","newStatus":"draft","terms":[],"taxonomy":"translation_priority","extraData":[]},"publishpress_future_workflow_manual_trigger":{"enabledWorkflows":[]},"_links":{"self":[{"href":"https:\/\/git.lukasiewicz.gov.pl\/en\/wp-json\/wp\/v2\/pages\/59167","targetHints":{"allow":["GET"]}}],"collection":[{"href":"https:\/\/git.lukasiewicz.gov.pl\/en\/wp-json\/wp\/v2\/pages"}],"about":[{"href":"https:\/\/git.lukasiewicz.gov.pl\/en\/wp-json\/wp\/v2\/types\/page"}],"author":[{"embeddable":true,"href":"https:\/\/git.lukasiewicz.gov.pl\/en\/wp-json\/wp\/v2\/users\/66"}],"replies":[{"embeddable":true,"href":"https:\/\/git.lukasiewicz.gov.pl\/en\/wp-json\/wp\/v2\/comments?post=59167"}],"version-history":[{"count":5,"href":"https:\/\/git.lukasiewicz.gov.pl\/en\/wp-json\/wp\/v2\/pages\/59167\/revisions"}],"predecessor-version":[{"id":59395,"href":"https:\/\/git.lukasiewicz.gov.pl\/en\/wp-json\/wp\/v2\/pages\/59167\/revisions\/59395"}],"wp:attachment":[{"href":"https:\/\/git.lukasiewicz.gov.pl\/en\/wp-json\/wp\/v2\/media?parent=59167"}],"curies":[{"name":"wp","href":"https:\/\/api.w.org\/{rel}","templated":true}]}}