{"id":58617,"date":"2025-12-15T07:44:06","date_gmt":"2025-12-15T06:44:06","guid":{"rendered":"https:\/\/git.lukasiewicz.gov.pl\/national-project-improvement-of-occupational-safety-at-the-lukasiewicz-research-network-upper-silesian-institute-of-technology\/"},"modified":"2025-12-15T08:43:47","modified_gmt":"2025-12-15T07:43:47","slug":"national-project-improvement-of-occupational-safety-at-the-lukasiewicz-research-network-upper-silesian-institute-of-technology","status":"publish","type":"page","link":"https:\/\/git.lukasiewicz.gov.pl\/en\/national-project-improvement-of-occupational-safety-at-the-lukasiewicz-research-network-upper-silesian-institute-of-technology\/","title":{"rendered":"National project: Improvement of Occupational Safety at the \u0141ukasiewicz Research Network \u2013 Upper Silesian Institute of Technology"},"content":{"rendered":"\t\t<div data-elementor-type=\"wp-page\" data-elementor-id=\"58617\" class=\"elementor elementor-58617 elementor-58596\" data-elementor-post-type=\"page\">\n\t\t\t\t\t\t<section class=\"elementor-section elementor-top-section elementor-element elementor-element-008f952 elementor-section-boxed elementor-section-height-default elementor-section-height-default\" data-id=\"008f952\" data-element_type=\"section\" data-e-type=\"section\">\n\t\t\t\t\t\t<div class=\"elementor-container elementor-column-gap-default\">\n\t\t\t\t\t<div class=\"elementor-column elementor-col-100 elementor-top-column elementor-element elementor-element-7cd2e75\" data-id=\"7cd2e75\" data-element_type=\"column\" data-e-type=\"column\">\n\t\t\t<div class=\"elementor-widget-wrap elementor-element-populated\">\n\t\t\t\t\t\t<div class=\"elementor-element elementor-element-cfdc196 elementor-widget elementor-widget-heading\" data-id=\"cfdc196\" data-element_type=\"widget\" data-e-type=\"widget\" data-widget_type=\"heading.default\">\n\t\t\t\t<div class=\"elementor-widget-container\">\n\t\t\t\t\t<h2 class=\"elementor-heading-title elementor-size-large\">National Projects<\/h2>\t\t\t\t<\/div>\n\t\t\t\t<\/div>\n\t\t\t\t\t<\/div>\n\t\t<\/div>\n\t\t\t\t\t<\/div>\n\t\t<\/section>\n\t\t\t\t<section class=\"elementor-section elementor-top-section elementor-element elementor-element-68dd1c1 elementor-section-boxed elementor-section-height-default elementor-section-height-default\" data-id=\"68dd1c1\" data-element_type=\"section\" data-e-type=\"section\">\n\t\t\t\t\t\t<div class=\"elementor-container elementor-column-gap-default\">\n\t\t\t\t\t<div class=\"elementor-column elementor-col-100 elementor-top-column elementor-element elementor-element-e057181\" data-id=\"e057181\" data-element_type=\"column\" data-e-type=\"column\">\n\t\t\t<div class=\"elementor-widget-wrap elementor-element-populated\">\n\t\t\t\t\t\t<div class=\"elementor-element elementor-element-f5297af elementor-widget elementor-widget-heading\" data-id=\"f5297af\" data-element_type=\"widget\" data-e-type=\"widget\" data-widget_type=\"heading.default\">\n\t\t\t\t<div class=\"elementor-widget-container\">\n\t\t\t\t\t<h4 class=\"elementor-heading-title elementor-size-default\">Improvement of Occupational Safety at the \u0141ukasiewicz Research Network \u2013 Upper Silesian Institute of Technology<\/h4>\t\t\t\t<\/div>\n\t\t\t\t<\/div>\n\t\t\t\t<section class=\"elementor-section elementor-inner-section elementor-element elementor-element-fc6d3dd elementor-section-boxed elementor-section-height-default elementor-section-height-default\" data-id=\"fc6d3dd\" data-element_type=\"section\" data-e-type=\"section\" data-settings=\"{&quot;background_background&quot;:&quot;classic&quot;}\">\n\t\t\t\t\t\t<div class=\"elementor-container elementor-column-gap-default\">\n\t\t\t\t\t<div class=\"elementor-column elementor-col-100 elementor-inner-column elementor-element elementor-element-1af0a62\" data-id=\"1af0a62\" data-element_type=\"column\" data-e-type=\"column\">\n\t\t\t<div class=\"elementor-widget-wrap elementor-element-populated\">\n\t\t\t\t\t\t<div class=\"elementor-element elementor-element-6e14631 elementor-widget elementor-widget-image\" data-id=\"6e14631\" data-element_type=\"widget\" data-e-type=\"widget\" data-widget_type=\"image.default\">\n\t\t\t\t<div class=\"elementor-widget-container\">\n\t\t\t\t\t\t\t\t\t\t\t\t\t\t\t<img fetchpriority=\"high\" decoding=\"async\" width=\"926\" height=\"156\" src=\"https:\/\/git.lukasiewicz.gov.pl\/wp-content\/uploads\/sites\/16\/2025\/12\/fundusz_ubez_spol2.webp\" class=\"attachment-full size-full wp-image-58612\" alt=\"Improvement of Occupational Safety at the \u0141ukasiewicz Research Network \u2013 Upper Silesian Institute of Technology\" srcset=\"https:\/\/git.lukasiewicz.gov.pl\/wp-content\/uploads\/sites\/16\/2025\/12\/fundusz_ubez_spol2.webp 926w, https:\/\/git.lukasiewicz.gov.pl\/wp-content\/uploads\/sites\/16\/2025\/12\/fundusz_ubez_spol2-300x51.webp 300w, https:\/\/git.lukasiewicz.gov.pl\/wp-content\/uploads\/sites\/16\/2025\/12\/fundusz_ubez_spol2-768x129.webp 768w, https:\/\/git.lukasiewicz.gov.pl\/wp-content\/uploads\/sites\/16\/2025\/12\/fundusz_ubez_spol2-24x4.webp 24w, https:\/\/git.lukasiewicz.gov.pl\/wp-content\/uploads\/sites\/16\/2025\/12\/fundusz_ubez_spol2-36x6.webp 36w, https:\/\/git.lukasiewicz.gov.pl\/wp-content\/uploads\/sites\/16\/2025\/12\/fundusz_ubez_spol2-48x8.webp 48w\" sizes=\"(max-width: 926px) 100vw, 926px\" \/>\t\t\t\t\t\t\t\t\t\t\t\t\t\t\t<\/div>\n\t\t\t\t<\/div>\n\t\t\t\t<div class=\"elementor-element elementor-element-05ab4ae elementor-widget elementor-widget-text-editor\" data-id=\"05ab4ae\" data-element_type=\"widget\" data-e-type=\"widget\" data-widget_type=\"text-editor.default\">\n\t\t\t\t<div class=\"elementor-widget-container\">\n\t\t\t\t\t\t\t\t\t<p><strong>Title: Improvement of Occupational Safety at the \u0141ukasiewicz Research Network \u2013 Upper Silesian Institute of Technology<\/strong><\/p><p><strong>Name of the Fund:<\/strong> Social Insurance Fund<\/p><p><strong>Task Name:<\/strong> Project aimed at maintaining the ability to work throughout the entire period of professional activity<\/p><p><strong>Type of Programme:<\/strong> Programme for co-financing contribution payers under accident prevention<\/p><p><strong>Funding for \u0141ukasiewicz \u2013 GIT:<\/strong> PLN 26,567.01<\/p><p><strong>Total Project Value: <\/strong>PLN 33,208.77<\/p><p><strong>Date of Contract Signing: <\/strong>28 October 2025<\/p><p><strong>Project Implementation Period:<\/strong> 28 October 2025 \u2013 28 January 2026<\/p><p><strong>Project Manager:<br><\/strong>Ma\u0142gorzata Go\u0142\u0105bek<br>Tel.: +48 32 258 20 41 ext. 23<br>E-mail: <a href=\"mailto:malgorzata.golabek@git.lukasiewicz.gov.pl\"><span style=\"text-decoration: underline\">malgorzata.golabek@git.lukasiewicz.gov.pl<\/span><\/a><\/p><p> <\/p><p><strong>Objective:<\/strong><\/p><p>The main objective of the project and the investment activity is to improve occupational safety for employees at the workstations covered by the project by reducing the load on the musculoskeletal system during manual handling and material transportation. This will be achieved through the purchase of an electric lifting forklift truck. The forklift truck will significantly eliminate manual work and lifting, thereby reducing strain on the musculoskeletal system. <\/p>\t\t\t\t\t\t\t\t<\/div>\n\t\t\t\t<\/div>\n\t\t\t\t\t<\/div>\n\t\t<\/div>\n\t\t\t\t\t<\/div>\n\t\t<\/section>\n\t\t\t\t\t<\/div>\n\t\t<\/div>\n\t\t\t\t\t<\/div>\n\t\t<\/section>\n\t\t\t\t<\/div>\n\t\t","protected":false},"excerpt":{"rendered":"<p>National Projects Improvement of Occupational Safety at the \u0141ukasiewicz Research Network \u2013 Upper Silesian Institute of Technology Title: Improvement of Occupational Safety at the \u0141ukasiewicz Research Network \u2013 Upper Silesian [&hellip;]<\/p>\n","protected":false},"author":66,"featured_media":0,"parent":0,"menu_order":0,"comment_status":"closed","ping_status":"closed","template":"","meta":{"_acf_changed":false,"_seopress_robots_primary_cat":"","_seopress_titles_title":"National project: Improvement of Occupational Safety at the \u0141ukasiewicz Research Network \u2013 Upper Silesian Institute of Technology","_seopress_titles_desc":"The main objective of the project and the investment activity is to improve the safety of employees in the positions covered by the project.","_seopress_robots_index":"","inline_featured_image":false,"_price":"","_stock":"","_tribe_ticket_header":"","_tribe_default_ticket_provider":"","_ticket_start_date":"","_ticket_end_date":"","_tribe_ticket_show_description":"","_tribe_ticket_show_not_going":false,"_tribe_ticket_use_global_stock":"","_tribe_ticket_global_stock_level":"","_global_stock_mode":"","_global_stock_cap":"","_tribe_rsvp_for_event":"","_tribe_ticket_going_count":"","_tribe_ticket_not_going_count":"","_tribe_tickets_list":"[]","_tribe_ticket_has_attendee_info_fields":false,"footnotes":""},"class_list":["post-58617","page","type-page","status-publish","hentry"],"acf":{"page_icon":null},"publishpress_future_action":{"enabled":false,"date":"2026-04-23 09:39:05","action":"change-status","newStatus":"draft","terms":[],"taxonomy":"translation_priority","extraData":[]},"publishpress_future_workflow_manual_trigger":{"enabledWorkflows":[]},"_links":{"self":[{"href":"https:\/\/git.lukasiewicz.gov.pl\/en\/wp-json\/wp\/v2\/pages\/58617","targetHints":{"allow":["GET"]}}],"collection":[{"href":"https:\/\/git.lukasiewicz.gov.pl\/en\/wp-json\/wp\/v2\/pages"}],"about":[{"href":"https:\/\/git.lukasiewicz.gov.pl\/en\/wp-json\/wp\/v2\/types\/page"}],"author":[{"embeddable":true,"href":"https:\/\/git.lukasiewicz.gov.pl\/en\/wp-json\/wp\/v2\/users\/66"}],"replies":[{"embeddable":true,"href":"https:\/\/git.lukasiewicz.gov.pl\/en\/wp-json\/wp\/v2\/comments?post=58617"}],"version-history":[{"count":2,"href":"https:\/\/git.lukasiewicz.gov.pl\/en\/wp-json\/wp\/v2\/pages\/58617\/revisions"}],"predecessor-version":[{"id":58623,"href":"https:\/\/git.lukasiewicz.gov.pl\/en\/wp-json\/wp\/v2\/pages\/58617\/revisions\/58623"}],"wp:attachment":[{"href":"https:\/\/git.lukasiewicz.gov.pl\/en\/wp-json\/wp\/v2\/media?parent=58617"}],"curies":[{"name":"wp","href":"https:\/\/api.w.org\/{rel}","templated":true}]}}