{"id":53863,"date":"2024-04-04T09:58:49","date_gmt":"2024-04-04T08:58:49","guid":{"rendered":"https:\/\/git.lukasiewicz.gov.pl\/national-project-ultraclear\/"},"modified":"2025-07-23T12:33:49","modified_gmt":"2025-07-23T11:33:49","slug":"national-project-ultraclear","status":"publish","type":"page","link":"https:\/\/git.lukasiewicz.gov.pl\/en\/national-project-ultraclear\/","title":{"rendered":"National Project: ULTRACLEAR"},"content":{"rendered":"\t\t<div data-elementor-type=\"wp-page\" data-elementor-id=\"53863\" class=\"elementor elementor-53863 elementor-41207\" data-elementor-post-type=\"page\">\n\t\t\t\t\t\t<section class=\"elementor-section elementor-top-section elementor-element elementor-element-fb60f13 elementor-section-boxed elementor-section-height-default elementor-section-height-default\" data-id=\"fb60f13\" data-element_type=\"section\" data-e-type=\"section\">\n\t\t\t\t\t\t<div class=\"elementor-container elementor-column-gap-default\">\n\t\t\t\t\t<div class=\"elementor-column elementor-col-100 elementor-top-column elementor-element elementor-element-b35f5c0\" data-id=\"b35f5c0\" data-element_type=\"column\" data-e-type=\"column\">\n\t\t\t<div class=\"elementor-widget-wrap elementor-element-populated\">\n\t\t\t\t\t\t<div class=\"elementor-element elementor-element-7f887a6 elementor-widget elementor-widget-heading\" data-id=\"7f887a6\" data-element_type=\"widget\" data-e-type=\"widget\" data-widget_type=\"heading.default\">\n\t\t\t\t<div class=\"elementor-widget-container\">\n\t\t\t\t\t<h2 class=\"elementor-heading-title elementor-size-large\">National Projects<\/h2>\t\t\t\t<\/div>\n\t\t\t\t<\/div>\n\t\t\t\t\t<\/div>\n\t\t<\/div>\n\t\t\t\t\t<\/div>\n\t\t<\/section>\n\t\t\t\t<section class=\"elementor-section elementor-top-section elementor-element elementor-element-733419f elementor-section-boxed elementor-section-height-default elementor-section-height-default\" data-id=\"733419f\" data-element_type=\"section\" data-e-type=\"section\">\n\t\t\t\t\t\t<div class=\"elementor-container elementor-column-gap-default\">\n\t\t\t\t\t<div class=\"elementor-column elementor-col-100 elementor-top-column elementor-element elementor-element-491a959\" data-id=\"491a959\" data-element_type=\"column\" data-e-type=\"column\">\n\t\t\t<div class=\"elementor-widget-wrap elementor-element-populated\">\n\t\t\t\t\t\t<div class=\"elementor-element elementor-element-175af05 elementor-widget elementor-widget-heading\" data-id=\"175af05\" data-element_type=\"widget\" data-e-type=\"widget\" data-widget_type=\"heading.default\">\n\t\t\t\t<div class=\"elementor-widget-container\">\n\t\t\t\t\t<h4 class=\"elementor-heading-title elementor-size-default\">Research on next-generation technologies for applications in ventilation systems and wall systems providing ultra-high microbiological purity parameters: wall facade surfaces of operating blocks, internal surfaces of ventilation and distributed air ducts (ULTRACLEAR)<\/h4>\t\t\t\t<\/div>\n\t\t\t\t<\/div>\n\t\t\t\t<section class=\"elementor-section elementor-inner-section elementor-element elementor-element-16cbde9 elementor-section-boxed elementor-section-height-default elementor-section-height-default\" data-id=\"16cbde9\" data-element_type=\"section\" data-e-type=\"section\" data-settings=\"{&quot;background_background&quot;:&quot;classic&quot;}\">\n\t\t\t\t\t\t<div class=\"elementor-container elementor-column-gap-default\">\n\t\t\t\t\t<div class=\"elementor-column elementor-col-100 elementor-inner-column elementor-element elementor-element-935d212\" data-id=\"935d212\" data-element_type=\"column\" data-e-type=\"column\">\n\t\t\t<div class=\"elementor-widget-wrap elementor-element-populated\">\n\t\t\t\t\t\t<div class=\"elementor-element elementor-element-f1a514e elementor-widget elementor-widget-image\" data-id=\"f1a514e\" data-element_type=\"widget\" data-e-type=\"widget\" data-widget_type=\"image.default\">\n\t\t\t\t<div class=\"elementor-widget-container\">\n\t\t\t\t\t\t\t\t\t\t\t\t\t\t\t<img fetchpriority=\"high\" decoding=\"async\" width=\"1084\" height=\"194\" src=\"https:\/\/git.lukasiewicz.gov.pl\/wp-content\/uploads\/sites\/16\/2024\/04\/loga_NCN_PBS_2024.jpg\" class=\"attachment-full size-full wp-image-41190\" alt=\"National Centre for Research and Development Applied Research Programme\" srcset=\"https:\/\/git.lukasiewicz.gov.pl\/wp-content\/uploads\/sites\/16\/2024\/04\/loga_NCN_PBS_2024.jpg 1084w, https:\/\/git.lukasiewicz.gov.pl\/wp-content\/uploads\/sites\/16\/2024\/04\/loga_NCN_PBS_2024-300x54.jpg 300w, https:\/\/git.lukasiewicz.gov.pl\/wp-content\/uploads\/sites\/16\/2024\/04\/loga_NCN_PBS_2024-1024x183.jpg 1024w, https:\/\/git.lukasiewicz.gov.pl\/wp-content\/uploads\/sites\/16\/2024\/04\/loga_NCN_PBS_2024-768x137.jpg 768w\" sizes=\"(max-width: 1084px) 100vw, 1084px\" \/>\t\t\t\t\t\t\t\t\t\t\t\t\t\t\t<\/div>\n\t\t\t\t<\/div>\n\t\t\t\t<div class=\"elementor-element elementor-element-902c63e elementor-widget elementor-widget-text-editor\" data-id=\"902c63e\" data-element_type=\"widget\" data-e-type=\"widget\" data-widget_type=\"text-editor.default\">\n\t\t\t\t<div class=\"elementor-widget-container\">\n\t\t\t\t\t\t\t\t\t<p><strong>Title:<br><\/strong>ULTRACLEAR \u2013 Research on next-generation technologies for applications in ventilation systems and wall systems providing ultra-high microbiological purity parameters: wall facade surfaces of operating blocks, internal surfaces of ventilation and distributed air ducts <\/p><p><strong>Program Name:<\/strong> Applied Research Programme<\/p><p><strong>Financing institution:<\/strong> National Centre for Research and Development<\/p><p><strong>Co-financing for \u0141ukasiewicz \u2013 GIT:<\/strong> PLN 899,500.00<\/p><p><strong>Total value of the project:<\/strong> PLN 4,324,600.00<\/p><p><strong>Start: <\/strong>01.01.2015 \/ End 31.12.2017<\/p><p><strong>Consortium:<\/strong><\/p><ul><li>CREO sp. z o.o. [Lider], <\/li><li>D.A.GLASS sp. z o.o., <\/li><li>\u0141ukasiewicz Research Network \u2013 Upper Silesian Institute of Technology,<\/li><li>University of Rzesz\u00f3w<\/li><\/ul><p><strong>Project Manager:<\/strong> <br>Piotr R\u00f3\u017ca\u0144ski, BEng, PhD<br>Tel.: 32 2345 289<br>E-mail: <a href=\"mailto:piotr.rozanski@git.lukasiewicz.gov.pl\"><span style=\"text-decoration: underline\">piotr.rozanski@git.lukasiewicz.gov.pl<\/span><\/a> <\/p><p><strong>Objective:<\/strong><\/p><p>This project uses the results of current research on the biocidal properties of materials, especially metal nanoparticles and UV-C light, and in essence concerns their use for the purpose of giving both the internal surfaces of ducts and the air distributed inside them unprecedented on the market bactericidal and fungicidal properties. One of the problems addressed during the project was the production of cathodes constituting multi-component metal alloys with photocatalytic, bactericidal, and cytotoxic properties. As part of the project, technical requirements for the system of irradiating the interior of ducts with UV-C emitters were also developed.  <\/p>\t\t\t\t\t\t\t\t<\/div>\n\t\t\t\t<\/div>\n\t\t\t\t\t<\/div>\n\t\t<\/div>\n\t\t\t\t\t<\/div>\n\t\t<\/section>\n\t\t\t\t\t<\/div>\n\t\t<\/div>\n\t\t\t\t\t<\/div>\n\t\t<\/section>\n\t\t\t\t<\/div>\n\t\t","protected":false},"excerpt":{"rendered":"<p>National Projects Research on next-generation technologies for applications in ventilation systems and wall systems providing ultra-high microbiological purity parameters: wall facade surfaces of operating blocks, internal surfaces of ventilation and [&hellip;]<\/p>\n","protected":false},"author":66,"featured_media":0,"parent":0,"menu_order":0,"comment_status":"closed","ping_status":"closed","template":"","meta":{"_acf_changed":false,"_seopress_robots_primary_cat":"","_seopress_titles_title":"National Project: ULTRACLEAR","_seopress_titles_desc":"Research on next-generation technologies for applications in ventilation systems and wall systems providing ultra-high microbiological purity parameters: wall facade surfaces of operating blocks, internal surfaces of ventilation and distributed air ducts","_seopress_robots_index":"","inline_featured_image":false,"_price":"","_stock":"","_tribe_ticket_header":"","_tribe_default_ticket_provider":"","_ticket_start_date":"","_ticket_end_date":"","_tribe_ticket_show_description":"","_tribe_ticket_show_not_going":false,"_tribe_ticket_use_global_stock":"","_tribe_ticket_global_stock_level":"","_global_stock_mode":"","_global_stock_cap":"","_tribe_rsvp_for_event":"","_tribe_ticket_going_count":"","_tribe_ticket_not_going_count":"","_tribe_tickets_list":"[]","_tribe_ticket_has_attendee_info_fields":false,"footnotes":""},"class_list":["post-53863","page","type-page","status-publish","hentry"],"acf":{"page_icon":null},"publishpress_future_action":{"enabled":false,"date":"2026-04-25 09:24:06","action":"change-status","newStatus":"draft","terms":[],"taxonomy":"translation_priority","extraData":[]},"publishpress_future_workflow_manual_trigger":{"enabledWorkflows":[]},"_links":{"self":[{"href":"https:\/\/git.lukasiewicz.gov.pl\/en\/wp-json\/wp\/v2\/pages\/53863","targetHints":{"allow":["GET"]}}],"collection":[{"href":"https:\/\/git.lukasiewicz.gov.pl\/en\/wp-json\/wp\/v2\/pages"}],"about":[{"href":"https:\/\/git.lukasiewicz.gov.pl\/en\/wp-json\/wp\/v2\/types\/page"}],"author":[{"embeddable":true,"href":"https:\/\/git.lukasiewicz.gov.pl\/en\/wp-json\/wp\/v2\/users\/66"}],"replies":[{"embeddable":true,"href":"https:\/\/git.lukasiewicz.gov.pl\/en\/wp-json\/wp\/v2\/comments?post=53863"}],"version-history":[{"count":1,"href":"https:\/\/git.lukasiewicz.gov.pl\/en\/wp-json\/wp\/v2\/pages\/53863\/revisions"}],"predecessor-version":[{"id":53864,"href":"https:\/\/git.lukasiewicz.gov.pl\/en\/wp-json\/wp\/v2\/pages\/53863\/revisions\/53864"}],"wp:attachment":[{"href":"https:\/\/git.lukasiewicz.gov.pl\/en\/wp-json\/wp\/v2\/media?parent=53863"}],"curies":[{"name":"wp","href":"https:\/\/api.w.org\/{rel}","templated":true}]}}