{"id":53815,"date":"2024-04-04T11:50:48","date_gmt":"2024-04-04T10:50:48","guid":{"rendered":"https:\/\/git.lukasiewicz.gov.pl\/national-project-polnapel-investment\/"},"modified":"2025-07-23T10:41:36","modified_gmt":"2025-07-23T09:41:36","slug":"national-project-polnapel-investment","status":"publish","type":"page","link":"https:\/\/git.lukasiewicz.gov.pl\/en\/national-project-polnapel-investment\/","title":{"rendered":"National Project: POLNAPEL INVESTMENT"},"content":{"rendered":"\t\t<div data-elementor-type=\"wp-page\" data-elementor-id=\"53815\" class=\"elementor elementor-53815 elementor-41311\" data-elementor-post-type=\"page\">\n\t\t\t\t\t\t<section class=\"elementor-section elementor-top-section elementor-element elementor-element-f914870 elementor-section-boxed elementor-section-height-default elementor-section-height-default\" data-id=\"f914870\" data-element_type=\"section\" data-e-type=\"section\">\n\t\t\t\t\t\t<div class=\"elementor-container elementor-column-gap-default\">\n\t\t\t\t\t<div class=\"elementor-column elementor-col-100 elementor-top-column elementor-element elementor-element-d047349\" data-id=\"d047349\" data-element_type=\"column\" data-e-type=\"column\">\n\t\t\t<div class=\"elementor-widget-wrap elementor-element-populated\">\n\t\t\t\t\t\t<div class=\"elementor-element elementor-element-cc5043c elementor-widget elementor-widget-heading\" data-id=\"cc5043c\" data-element_type=\"widget\" data-e-type=\"widget\" data-widget_type=\"heading.default\">\n\t\t\t\t<div class=\"elementor-widget-container\">\n\t\t\t\t\t<h2 class=\"elementor-heading-title elementor-size-large\">National Projects<\/h2>\t\t\t\t<\/div>\n\t\t\t\t<\/div>\n\t\t\t\t\t<\/div>\n\t\t<\/div>\n\t\t\t\t\t<\/div>\n\t\t<\/section>\n\t\t\t\t<section class=\"elementor-section elementor-top-section elementor-element elementor-element-88ffc9f elementor-section-boxed elementor-section-height-default elementor-section-height-default\" data-id=\"88ffc9f\" data-element_type=\"section\" data-e-type=\"section\">\n\t\t\t\t\t\t<div class=\"elementor-container elementor-column-gap-default\">\n\t\t\t\t\t<div class=\"elementor-column elementor-col-100 elementor-top-column elementor-element elementor-element-5355e2c\" data-id=\"5355e2c\" data-element_type=\"column\" data-e-type=\"column\">\n\t\t\t<div class=\"elementor-widget-wrap elementor-element-populated\">\n\t\t\t\t\t\t<div class=\"elementor-element elementor-element-dde6c60 elementor-widget elementor-widget-heading\" data-id=\"dde6c60\" data-element_type=\"widget\" data-e-type=\"widget\" data-widget_type=\"heading.default\">\n\t\t\t\t<div class=\"elementor-widget-container\">\n\t\t\t\t\t<h4 class=\"elementor-heading-title elementor-size-default\">POLNAPEL INVESTMENT PROJECT: Centre for prototyping, research and implementation of advanced electric drives and machines, including electromobility and renewable energy<\/h4>\t\t\t\t<\/div>\n\t\t\t\t<\/div>\n\t\t\t\t<section class=\"elementor-section elementor-inner-section elementor-element elementor-element-f013bef elementor-section-boxed elementor-section-height-default elementor-section-height-default\" data-id=\"f013bef\" data-element_type=\"section\" data-e-type=\"section\" data-settings=\"{&quot;background_background&quot;:&quot;classic&quot;}\">\n\t\t\t\t\t\t<div class=\"elementor-container elementor-column-gap-default\">\n\t\t\t\t\t<div class=\"elementor-column elementor-col-100 elementor-inner-column elementor-element elementor-element-e056099\" data-id=\"e056099\" data-element_type=\"column\" data-e-type=\"column\">\n\t\t\t<div class=\"elementor-widget-wrap elementor-element-populated\">\n\t\t\t\t\t\t<div class=\"elementor-element elementor-element-d5319b8 elementor-widget elementor-widget-image\" data-id=\"d5319b8\" data-element_type=\"widget\" data-e-type=\"widget\" data-widget_type=\"image.default\">\n\t\t\t\t<div class=\"elementor-widget-container\">\n\t\t\t\t\t\t\t\t\t\t\t\t\t\t\t<img fetchpriority=\"high\" decoding=\"async\" width=\"690\" height=\"156\" src=\"https:\/\/git.lukasiewicz.gov.pl\/wp-content\/uploads\/sites\/16\/2024\/04\/POLNAPEL_inwestycyjny.jpg\" class=\"attachment-full size-full wp-image-41316\" alt=\"POLNAPEL INVESTMENT\" srcset=\"https:\/\/git.lukasiewicz.gov.pl\/wp-content\/uploads\/sites\/16\/2024\/04\/POLNAPEL_inwestycyjny.jpg 690w, https:\/\/git.lukasiewicz.gov.pl\/wp-content\/uploads\/sites\/16\/2024\/04\/POLNAPEL_inwestycyjny-300x68.jpg 300w\" sizes=\"(max-width: 690px) 100vw, 690px\" \/>\t\t\t\t\t\t\t\t\t\t\t\t\t\t\t<\/div>\n\t\t\t\t<\/div>\n\t\t\t\t<div class=\"elementor-element elementor-element-8f8b5d7 elementor-widget elementor-widget-text-editor\" data-id=\"8f8b5d7\" data-element_type=\"widget\" data-e-type=\"widget\" data-widget_type=\"text-editor.default\">\n\t\t\t\t<div class=\"elementor-widget-container\">\n\t\t\t\t\t\t\t\t\t<p><strong>Title:<br><\/strong>POLNAPEL INVESTMENT PROJECT: Centre for prototyping, research and implementation of advanced electric drives and machines, including electromobility and renewable energy<\/p><p><strong>Name of the programme:<\/strong> Targeted Grants<\/p><p><strong>Executive Agency:<\/strong> \u0141ukasiewicz Centre<\/p><p><strong>Co-financing for \u0141ukasiewicz \u2013 GIT from the funds of the \u0141ukasiewicz Centre:<\/strong> PLN 2,176,085.00<\/p><p><strong>Total value of the project:<\/strong> PLN 2,788,578.52<\/p><p><strong>Start: <\/strong>2020 \/ End: 2022<\/p><p><strong>Accounting by:<\/strong> <br>Ma\u0142gorzata Go\u0142\u0105bek, BEng, MSc<br>Tel.: 32 2520 41 ext. 23<br>E-mail: <a href=\"mailto:malgorzata.golabek@git.lukasiewicz.gov.pl\"><span style=\"text-decoration: underline\">malgorzata.golabek@git.lukasiewicz.gov.pl<\/span><\/a> <\/p><p><strong>Objective:<\/strong><\/p><p>Purchase of infrastructure necessary for the implementation of R&amp;D works of the <a href=\"https:\/\/git.lukasiewicz.gov.pl\/en\/national-project-polnapel\/\"><span style=\"text-decoration: underline\">POLNAPEL<\/span><\/a> research project<\/p>\t\t\t\t\t\t\t\t<\/div>\n\t\t\t\t<\/div>\n\t\t\t\t\t<\/div>\n\t\t<\/div>\n\t\t\t\t\t<\/div>\n\t\t<\/section>\n\t\t\t\t\t<\/div>\n\t\t<\/div>\n\t\t\t\t\t<\/div>\n\t\t<\/section>\n\t\t\t\t<\/div>\n\t\t","protected":false},"excerpt":{"rendered":"<p>National Projects POLNAPEL INVESTMENT PROJECT: Centre for prototyping, research and implementation of advanced electric drives and machines, including electromobility and renewable energy Title:POLNAPEL INVESTMENT PROJECT: Centre for prototyping, research and [&hellip;]<\/p>\n","protected":false},"author":66,"featured_media":0,"parent":0,"menu_order":0,"comment_status":"closed","ping_status":"closed","template":"","meta":{"_acf_changed":false,"_seopress_robots_primary_cat":"","_seopress_titles_title":"National Project: POLNAPEL INVESTMENT","_seopress_titles_desc":"Centre for prototyping, research and implementation of advanced electric drives and machines, including electromobility and renewable energy","_seopress_robots_index":"","inline_featured_image":false,"_price":"","_stock":"","_tribe_ticket_header":"","_tribe_default_ticket_provider":"","_ticket_start_date":"","_ticket_end_date":"","_tribe_ticket_show_description":"","_tribe_ticket_show_not_going":false,"_tribe_ticket_use_global_stock":"","_tribe_ticket_global_stock_level":"","_global_stock_mode":"","_global_stock_cap":"","_tribe_rsvp_for_event":"","_tribe_ticket_going_count":"","_tribe_ticket_not_going_count":"","_tribe_tickets_list":"[]","_tribe_ticket_has_attendee_info_fields":false,"footnotes":""},"class_list":["post-53815","page","type-page","status-publish","hentry"],"acf":{"page_icon":null},"publishpress_future_action":{"enabled":false,"date":"2026-04-23 09:38:58","action":"change-status","newStatus":"draft","terms":[],"taxonomy":"translation_priority","extraData":[]},"publishpress_future_workflow_manual_trigger":{"enabledWorkflows":[]},"_links":{"self":[{"href":"https:\/\/git.lukasiewicz.gov.pl\/en\/wp-json\/wp\/v2\/pages\/53815","targetHints":{"allow":["GET"]}}],"collection":[{"href":"https:\/\/git.lukasiewicz.gov.pl\/en\/wp-json\/wp\/v2\/pages"}],"about":[{"href":"https:\/\/git.lukasiewicz.gov.pl\/en\/wp-json\/wp\/v2\/types\/page"}],"author":[{"embeddable":true,"href":"https:\/\/git.lukasiewicz.gov.pl\/en\/wp-json\/wp\/v2\/users\/66"}],"replies":[{"embeddable":true,"href":"https:\/\/git.lukasiewicz.gov.pl\/en\/wp-json\/wp\/v2\/comments?post=53815"}],"version-history":[{"count":1,"href":"https:\/\/git.lukasiewicz.gov.pl\/en\/wp-json\/wp\/v2\/pages\/53815\/revisions"}],"predecessor-version":[{"id":53816,"href":"https:\/\/git.lukasiewicz.gov.pl\/en\/wp-json\/wp\/v2\/pages\/53815\/revisions\/53816"}],"wp:attachment":[{"href":"https:\/\/git.lukasiewicz.gov.pl\/en\/wp-json\/wp\/v2\/media?parent=53815"}],"curies":[{"name":"wp","href":"https:\/\/api.w.org\/{rel}","templated":true}]}}